{"id":3385,"date":"2026-05-04T08:34:59","date_gmt":"2026-05-04T06:34:59","guid":{"rendered":"https:\/\/dev.lodysse-costumiere.fr\/?page_id=3385"},"modified":"2026-05-05T11:21:31","modified_gmt":"2026-05-05T09:21:31","slug":"mentions-legales","status":"publish","type":"page","link":"https:\/\/dev.lodysse-costumiere.fr\/?page_id=3385","title":{"rendered":"Mentions l\u00e9gales"},"content":{"rendered":"\t\t<div data-elementor-type=\"wp-page\" data-elementor-id=\"3385\" class=\"elementor elementor-3385\" data-elementor-post-type=\"page\">\n\t\t\t\t<div class=\"elementor-element elementor-element-536864d e-flex e-con-boxed e-con e-parent\" data-id=\"536864d\" data-element_type=\"container\" data-e-type=\"container\">\n\t\t\t\t\t<div class=\"e-con-inner\">\n\t\t<div class=\"elementor-element elementor-element-43c7314 e-con-full e-flex e-con e-child\" data-id=\"43c7314\" data-element_type=\"container\" data-e-type=\"container\">\n\t\t<div class=\"elementor-element elementor-element-827dc19 e-con-full e-flex e-con e-child\" data-id=\"827dc19\" data-element_type=\"container\" data-e-type=\"container\">\n\t\t\t\t<div class=\"elementor-element elementor-element-f788e14 elementor-widget elementor-widget-heading\" data-id=\"f788e14\" data-element_type=\"widget\" data-e-type=\"widget\" data-widget_type=\"heading.default\">\n\t\t\t\t\t<h1 class=\"elementor-heading-title elementor-size-default\">Mentions l\u00e9gales<\/h1>\t\t\t\t<\/div>\n\t\t\t\t<\/div>\n\t\t\t\t<\/div>\n\t\t\t\t\t<\/div>\n\t\t\t\t<\/div>\n\t\t<div class=\"elementor-element elementor-element-c1841d5 e-flex e-con-boxed e-con e-parent\" data-id=\"c1841d5\" data-element_type=\"container\" data-e-type=\"container\">\n\t\t\t\t\t<div class=\"e-con-inner\">\n\t\t<div class=\"elementor-element elementor-element-baa2039 e-con-full e-flex e-con e-child\" data-id=\"baa2039\" data-element_type=\"container\" data-e-type=\"container\">\n\t\t\t\t<div class=\"elementor-element elementor-element-a58901d elementor-widget-divider--view-line elementor-widget elementor-widget-divider\" data-id=\"a58901d\" data-element_type=\"widget\" data-e-type=\"widget\" data-widget_type=\"divider.default\">\n\t\t\t\t\t\t\t<div class=\"elementor-divider\">\n\t\t\t<span class=\"elementor-divider-separator\">\n\t\t\t\t\t\t<\/span>\n\t\t<\/div>\n\t\t\t\t\t\t<\/div>\n\t\t\t\t<div class=\"elementor-element elementor-element-7cc7970 elementor-widget elementor-widget-text-editor\" data-id=\"7cc7970\" data-element_type=\"widget\" data-e-type=\"widget\" data-widget_type=\"text-editor.default\">\n\t\t\t\t\t\t\t\t\tCe site est \u00e9dit\u00e9 par \u00c9lodie Sellier, elodie-sellier@hotmail.fr \u2022 Responsable de la publication : \u00c9lodie Sellier, costumi\u00e8re, 31200 Toulouse \u2022 H\u00e9bergement : OVH SAS, filiale de la soci\u00e9t\u00e9 OVH Groupe SA, soci\u00e9t\u00e9 immatricul\u00e9e au RCS de Lille sous le num\u00e9ro 537 407 926 sise 2, rue Kellermann, 59100 Roubaix \u2022 Donn\u00e9es personnelles : le site Lodyss\u00e9 costumi\u00e8re collecte et traite des donn\u00e9es personnelles des utilisateurs dans le respect des dispositions l\u00e9gales applicables et de sa politique de confidentialit\u00e9 \u2022 Responsabilit\u00e9 : le site Lodyss\u00e9 costumi\u00e8re d\u00e9cline toute responsabilit\u00e9 quant aux \u00e9ventuelles interruptions du site, aux erreurs ou omissions sur les informations diffus\u00e9es, aux virus ou autres infections informatiques qui pourraient endommager ou perturber le syst\u00e8me informatique de l\u2019utilisateur, ainsi qu\u2019aux liens hypertextes \u00e9tablis vers d\u2019autres sites \u2022 Droit applicable et juridiction comp\u00e9tente : les pr\u00e9sentes mentions l\u00e9gales sont soumises au droit fran\u00e7ais. Tout litige relatif \u00e0 l\u2019interpr\u00e9tation ou \u00e0 l\u2019ex\u00e9cution des pr\u00e9sentes mentions l\u00e9gales sera soumis \u00e0 la comp\u00e9tence exclusive des tribunaux fran\u00e7ais \u2022 Propri\u00e9t\u00e9 intellectuelle : le site Lodyss\u00e9 costumi\u00e8re et chacun des \u00e9l\u00e9ments qui le composent (notamment les textes, photographies, vid\u00e9os, animations, logos, marques, etc.) sont prot\u00e9g\u00e9s par les lois fran\u00e7aises et internationales relatives \u00e0 la propri\u00e9t\u00e9 intellectuelle. Toute reproduction, repr\u00e9sentation, utilisation, adaptation ou modification, totale ou partielle, de tout \u00e9l\u00e9ment du site Lodyss\u00e9 costumi\u00e8re, par quelque moyen que ce soit, est interdite sans l\u2019autorisation pr\u00e9alable \u00e9crite de \u00c9lodie sellier \u2022 Cr\u00e9ation graphique : <a href=\"https:\/\/audeestivalet.com\/\" target=\"_blank\" rel=\"noopener\">Aude Estivalet<\/a>\t\t\t\t\t\t\t\t<\/div>\n\t\t\t\t<\/div>\n\t\t\t\t\t<\/div>\n\t\t\t\t<\/div>\n\t\t\t\t<\/div>\n\t\t","protected":false},"excerpt":{"rendered":"<p>Mentions l\u00e9gales Ce site est \u00e9dit\u00e9 par \u00c9lodie Sellier, elodie-sellier@hotmail.fr \u2022 Responsable de la publication : \u00c9lodie Sellier, costumi\u00e8re, 31200 Toulouse \u2022 H\u00e9bergement : OVH SAS, filiale de la soci\u00e9t\u00e9 OVH Groupe SA, soci\u00e9t\u00e9 immatricul\u00e9e au RCS de Lille sous le num\u00e9ro 537 407 926 sise 2, rue Kellermann, 59100 Roubaix \u2022 Donn\u00e9es personnelles : [&hellip;]<\/p>\n","protected":false},"author":1,"featured_media":0,"parent":0,"menu_order":0,"comment_status":"closed","ping_status":"closed","template":"","meta":{"_acf_changed":false,"inline_featured_image":false,"footnotes":""},"class_list":["post-3385","page","type-page","status-publish","hentry"],"acf":[],"yoast_head":"<!-- This site is optimized with the Yoast SEO plugin v27.5 - https:\/\/yoast.com\/product\/yoast-seo-wordpress\/ -->\n<title>Mentions l\u00e9gales - Lodyss\u00e9 \/ \u00c9lodie Sellier<\/title>\n<meta name=\"robots\" content=\"noindex, follow\" \/>\n<meta property=\"og:locale\" content=\"fr_FR\" \/>\n<meta property=\"og:type\" content=\"article\" \/>\n<meta property=\"og:title\" content=\"Mentions l\u00e9gales - Lodyss\u00e9 \/ \u00c9lodie Sellier\" \/>\n<meta property=\"og:description\" content=\"Mentions l\u00e9gales Ce site est \u00e9dit\u00e9 par \u00c9lodie Sellier, elodie-sellier@hotmail.fr \u2022 Responsable de la publication : \u00c9lodie Sellier, costumi\u00e8re, 31200 Toulouse \u2022 H\u00e9bergement : OVH SAS, filiale de la soci\u00e9t\u00e9 OVH Groupe SA, soci\u00e9t\u00e9 immatricul\u00e9e au RCS de Lille sous le num\u00e9ro 537 407 926 sise 2, rue Kellermann, 59100 Roubaix \u2022 Donn\u00e9es personnelles : [&hellip;]\" \/>\n<meta property=\"og:url\" content=\"https:\/\/dev.lodysse-costumiere.fr\/?page_id=3385\" \/>\n<meta property=\"og:site_name\" content=\"Lodyss\u00e9 \/ \u00c9lodie Sellier\" \/>\n<meta property=\"article:modified_time\" content=\"2026-05-05T09:21:31+00:00\" \/>\n<meta name=\"twitter:card\" content=\"summary_large_image\" \/>\n<meta name=\"twitter:label1\" content=\"Dur\u00e9e de lecture estim\u00e9e\" \/>\n\t<meta name=\"twitter:data1\" content=\"2 minutes\" \/>\n<script type=\"application\/ld+json\" class=\"yoast-schema-graph\">{\"@context\":\"https:\\\/\\\/schema.org\",\"@graph\":[{\"@type\":\"WebPage\",\"@id\":\"https:\\\/\\\/dev.lodysse-costumiere.fr\\\/?page_id=3385\",\"url\":\"https:\\\/\\\/dev.lodysse-costumiere.fr\\\/?page_id=3385\",\"name\":\"Mentions l\u00e9gales - Lodyss\u00e9 \\\/ \u00c9lodie Sellier\",\"isPartOf\":{\"@id\":\"https:\\\/\\\/dev.lodysse-costumiere.fr\\\/#website\"},\"datePublished\":\"2026-05-04T06:34:59+00:00\",\"dateModified\":\"2026-05-05T09:21:31+00:00\",\"breadcrumb\":{\"@id\":\"https:\\\/\\\/dev.lodysse-costumiere.fr\\\/?page_id=3385#breadcrumb\"},\"inLanguage\":\"fr-FR\",\"potentialAction\":[{\"@type\":\"ReadAction\",\"target\":[\"https:\\\/\\\/dev.lodysse-costumiere.fr\\\/?page_id=3385\"]}]},{\"@type\":\"BreadcrumbList\",\"@id\":\"https:\\\/\\\/dev.lodysse-costumiere.fr\\\/?page_id=3385#breadcrumb\",\"itemListElement\":[{\"@type\":\"ListItem\",\"position\":1,\"name\":\"Accueil\",\"item\":\"https:\\\/\\\/dev.lodysse-costumiere.fr\\\/\"},{\"@type\":\"ListItem\",\"position\":2,\"name\":\"Mentions l\u00e9gales\"}]},{\"@type\":\"WebSite\",\"@id\":\"https:\\\/\\\/dev.lodysse-costumiere.fr\\\/#website\",\"url\":\"https:\\\/\\\/dev.lodysse-costumiere.fr\\\/\",\"name\":\"Lodyss\u00e9 \\\/ \u00c9lodie Sellier\",\"description\":\"costumi\u00e8re\",\"publisher\":{\"@id\":\"https:\\\/\\\/dev.lodysse-costumiere.fr\\\/#organization\"},\"potentialAction\":[{\"@type\":\"SearchAction\",\"target\":{\"@type\":\"EntryPoint\",\"urlTemplate\":\"https:\\\/\\\/dev.lodysse-costumiere.fr\\\/?s={search_term_string}\"},\"query-input\":{\"@type\":\"PropertyValueSpecification\",\"valueRequired\":true,\"valueName\":\"search_term_string\"}}],\"inLanguage\":\"fr-FR\"},{\"@type\":\"Organization\",\"@id\":\"https:\\\/\\\/dev.lodysse-costumiere.fr\\\/#organization\",\"name\":\"Lodyss\u00e9 \\\/ \u00c9lodie Sellier\",\"url\":\"https:\\\/\\\/dev.lodysse-costumiere.fr\\\/\",\"logo\":{\"@type\":\"ImageObject\",\"inLanguage\":\"fr-FR\",\"@id\":\"https:\\\/\\\/dev.lodysse-costumiere.fr\\\/#\\\/schema\\\/logo\\\/image\\\/\",\"url\":\"https:\\\/\\\/dev.lodysse-costumiere.fr\\\/wp-content\\\/uploads\\\/2026\\\/04\\\/logo-lodysse.svg\",\"contentUrl\":\"https:\\\/\\\/dev.lodysse-costumiere.fr\\\/wp-content\\\/uploads\\\/2026\\\/04\\\/logo-lodysse.svg\",\"caption\":\"Lodyss\u00e9 \\\/ \u00c9lodie Sellier\"},\"image\":{\"@id\":\"https:\\\/\\\/dev.lodysse-costumiere.fr\\\/#\\\/schema\\\/logo\\\/image\\\/\"}}]}<\/script>\n<!-- \/ Yoast SEO plugin. -->","yoast_head_json":{"title":"Mentions l\u00e9gales - Lodyss\u00e9 \/ \u00c9lodie Sellier","robots":{"index":"noindex","follow":"follow"},"og_locale":"fr_FR","og_type":"article","og_title":"Mentions l\u00e9gales - Lodyss\u00e9 \/ \u00c9lodie Sellier","og_description":"Mentions l\u00e9gales Ce site est \u00e9dit\u00e9 par \u00c9lodie Sellier, elodie-sellier@hotmail.fr \u2022 Responsable de la publication : \u00c9lodie Sellier, costumi\u00e8re, 31200 Toulouse \u2022 H\u00e9bergement : OVH SAS, filiale de la soci\u00e9t\u00e9 OVH Groupe SA, soci\u00e9t\u00e9 immatricul\u00e9e au RCS de Lille sous le num\u00e9ro 537 407 926 sise 2, rue Kellermann, 59100 Roubaix \u2022 Donn\u00e9es personnelles : [&hellip;]","og_url":"https:\/\/dev.lodysse-costumiere.fr\/?page_id=3385","og_site_name":"Lodyss\u00e9 \/ \u00c9lodie Sellier","article_modified_time":"2026-05-05T09:21:31+00:00","twitter_card":"summary_large_image","twitter_misc":{"Dur\u00e9e de lecture estim\u00e9e":"2 minutes"},"schema":{"@context":"https:\/\/schema.org","@graph":[{"@type":"WebPage","@id":"https:\/\/dev.lodysse-costumiere.fr\/?page_id=3385","url":"https:\/\/dev.lodysse-costumiere.fr\/?page_id=3385","name":"Mentions l\u00e9gales - Lodyss\u00e9 \/ \u00c9lodie Sellier","isPartOf":{"@id":"https:\/\/dev.lodysse-costumiere.fr\/#website"},"datePublished":"2026-05-04T06:34:59+00:00","dateModified":"2026-05-05T09:21:31+00:00","breadcrumb":{"@id":"https:\/\/dev.lodysse-costumiere.fr\/?page_id=3385#breadcrumb"},"inLanguage":"fr-FR","potentialAction":[{"@type":"ReadAction","target":["https:\/\/dev.lodysse-costumiere.fr\/?page_id=3385"]}]},{"@type":"BreadcrumbList","@id":"https:\/\/dev.lodysse-costumiere.fr\/?page_id=3385#breadcrumb","itemListElement":[{"@type":"ListItem","position":1,"name":"Accueil","item":"https:\/\/dev.lodysse-costumiere.fr\/"},{"@type":"ListItem","position":2,"name":"Mentions l\u00e9gales"}]},{"@type":"WebSite","@id":"https:\/\/dev.lodysse-costumiere.fr\/#website","url":"https:\/\/dev.lodysse-costumiere.fr\/","name":"Lodyss\u00e9 \/ \u00c9lodie Sellier","description":"costumi\u00e8re","publisher":{"@id":"https:\/\/dev.lodysse-costumiere.fr\/#organization"},"potentialAction":[{"@type":"SearchAction","target":{"@type":"EntryPoint","urlTemplate":"https:\/\/dev.lodysse-costumiere.fr\/?s={search_term_string}"},"query-input":{"@type":"PropertyValueSpecification","valueRequired":true,"valueName":"search_term_string"}}],"inLanguage":"fr-FR"},{"@type":"Organization","@id":"https:\/\/dev.lodysse-costumiere.fr\/#organization","name":"Lodyss\u00e9 \/ \u00c9lodie Sellier","url":"https:\/\/dev.lodysse-costumiere.fr\/","logo":{"@type":"ImageObject","inLanguage":"fr-FR","@id":"https:\/\/dev.lodysse-costumiere.fr\/#\/schema\/logo\/image\/","url":"https:\/\/dev.lodysse-costumiere.fr\/wp-content\/uploads\/2026\/04\/logo-lodysse.svg","contentUrl":"https:\/\/dev.lodysse-costumiere.fr\/wp-content\/uploads\/2026\/04\/logo-lodysse.svg","caption":"Lodyss\u00e9 \/ \u00c9lodie Sellier"},"image":{"@id":"https:\/\/dev.lodysse-costumiere.fr\/#\/schema\/logo\/image\/"}}]}},"_links":{"self":[{"href":"https:\/\/dev.lodysse-costumiere.fr\/index.php?rest_route=\/wp\/v2\/pages\/3385","targetHints":{"allow":["GET"]}}],"collection":[{"href":"https:\/\/dev.lodysse-costumiere.fr\/index.php?rest_route=\/wp\/v2\/pages"}],"about":[{"href":"https:\/\/dev.lodysse-costumiere.fr\/index.php?rest_route=\/wp\/v2\/types\/page"}],"author":[{"embeddable":true,"href":"https:\/\/dev.lodysse-costumiere.fr\/index.php?rest_route=\/wp\/v2\/users\/1"}],"replies":[{"embeddable":true,"href":"https:\/\/dev.lodysse-costumiere.fr\/index.php?rest_route=%2Fwp%2Fv2%2Fcomments&post=3385"}],"version-history":[{"count":37,"href":"https:\/\/dev.lodysse-costumiere.fr\/index.php?rest_route=\/wp\/v2\/pages\/3385\/revisions"}],"predecessor-version":[{"id":3444,"href":"https:\/\/dev.lodysse-costumiere.fr\/index.php?rest_route=\/wp\/v2\/pages\/3385\/revisions\/3444"}],"wp:attachment":[{"href":"https:\/\/dev.lodysse-costumiere.fr\/index.php?rest_route=%2Fwp%2Fv2%2Fmedia&parent=3385"}],"curies":[{"name":"wp","href":"https:\/\/api.w.org\/{rel}","templated":true}]}}